{"id":451,"date":"2024-07-04T10:43:10","date_gmt":"2024-07-04T15:43:10","guid":{"rendered":"https:\/\/rewdev.net\/?page_id=451"},"modified":"2025-02-11T11:59:50","modified_gmt":"2025-02-11T16:59:50","slug":"videojuegos","status":"publish","type":"page","link":"http:\/\/rewdev.net\/?page_id=451","title":{"rendered":""},"content":{"rendered":"\t\t<div data-elementor-type=\"wp-page\" data-elementor-id=\"451\" class=\"elementor elementor-451\" data-elementor-post-type=\"page\">\n\t\t\t\t<div class=\"elementor-element elementor-element-1d067d0 e-flex e-con-boxed e-con e-parent\" data-id=\"1d067d0\" data-element_type=\"container\">\n\t\t\t\t\t<div class=\"e-con-inner\">\n\t\t\t\t<div class=\"elementor-element elementor-element-cec6a43 elementor-widget elementor-widget-html\" data-id=\"cec6a43\" data-element_type=\"widget\" data-widget_type=\"html.default\">\n\t\t\t\t<div class=\"elementor-widget-container\">\n\t\t\t\t\t<link href=\"https:\/\/cdn.jsdelivr.net\/npm\/bootstrap@5.3.0-alpha1\/dist\/css\/bootstrap.min.css\" rel=\"stylesheet\">\r\n<script src=\"https:\/\/cdn.jsdelivr.net\/npm\/bootstrap@5.3.0-alpha1\/dist\/js\/bootstrap.bundle.min.js\"><\/script>\r\n\r\n<link href=\"https:\/\/cdnjs.cloudflare.com\/ajax\/libs\/aos\/2.3.4\/aos.css\" rel=\"stylesheet\">\r\n<script src=\"https:\/\/cdnjs.cloudflare.com\/ajax\/libs\/aos\/2.3.4\/aos.js\"><\/script>\r\n\r\n<link href=\"https:\/\/cdnjs.cloudflare.com\/ajax\/libs\/font-awesome\/4.7.0\/css\/font-awesome.min.css\" rel=\"stylesheet\">\r\n\r\n<script>\r\nAOS.init();\r\n<\/script>\t\t\t\t<\/div>\n\t\t\t\t<\/div>\n\t\t\t\t\t<\/div>\n\t\t\t\t<\/div>\n\t\t<div class=\"elementor-element elementor-element-bf27e7c e-flex e-con-boxed e-con e-parent\" data-id=\"bf27e7c\" data-element_type=\"container\">\n\t\t\t\t\t<div class=\"e-con-inner\">\n\t\t\t\t<div class=\"elementor-element elementor-element-c459326 elementor-widget elementor-widget-html\" data-id=\"c459326\" data-element_type=\"widget\" data-widget_type=\"html.default\">\n\t\t\t\t<div class=\"elementor-widget-container\">\n\t\t\t\t\t<div data-aos=\"fade-up\" data-aos-duration=\"800\">\r\n  <h3 style=\"text-align: center;\">\r\n    <span style=\"color: #000000;\"><strong>EXPERIENCIAS INTERACTIVAS<\/strong><\/span>\r\n  <\/h3>\r\n<\/div>\r\n\t\t\t\t<\/div>\n\t\t\t\t<\/div>\n\t\t\t\t\t<\/div>\n\t\t\t\t<\/div>\n\t\t<div class=\"elementor-element elementor-element-e41865a e-flex e-con-boxed e-con e-parent\" data-id=\"e41865a\" data-element_type=\"container\">\n\t\t\t\t\t<div class=\"e-con-inner\">\n\t\t\t\t<div class=\"elementor-element elementor-element-28859ef elementor-widget elementor-widget-html\" data-id=\"28859ef\" data-element_type=\"widget\" data-widget_type=\"html.default\">\n\t\t\t\t<div class=\"elementor-widget-container\">\n\t\t\t\t\t<div class=\"container text-center\">\r\n    <div class=\"row align-items-center\">\r\n        <div class=\"col shadow p-4\">\r\n            <div class=\"row\">\r\n                <div class=\"col-md-6\" data-aos=\"fade-right\">\r\n                    <div id=\"videoCarousel\" class=\"carousel slide\" data-ride=\"carousel\" data-interval=\"3000\">\r\n                        <ol class=\"carousel-indicators\">\r\n                            <li data-target=\"#videoCarousel\" data-slide-to=\"0\" class=\"active\"><\/li>\r\n                            <li data-target=\"#videoCarousel\" data-slide-to=\"1\"><\/li>\r\n                            <li data-target=\"#videoCarousel\" data-slide-to=\"2\"><\/li>\r\n                        <\/ol>\r\n                        <div class=\"carousel-inner\">\r\n                            <div class=\"carousel-item active\">\r\n                                <iframe style=\"width: 100%; height: 260px;\" title=\"Video 1\" src=\"https:\/\/www.youtube.com\/embed\/ge4bh0MLa_E\" frameborder=\"0\" allowfullscreen=\"allowfullscreen\"><\/iframe>\r\n                            <\/div>\r\n                            <div class=\"carousel-item\">\r\n                                <iframe style=\"width: 100%; height: 260px;\" title=\"Video 2\" src=\"https:\/\/www.youtube.com\/embed\/hCr8UesELY8\" frameborder=\"0\" allowfullscreen=\"allowfullscreen\"><\/iframe>\r\n                            <\/div>\r\n                            <div class=\"carousel-item\">\r\n                                <iframe style=\"width: 100%; height: 260px;\" title=\"Video 3\" src=\"https:\/\/www.youtube.com\/embed\/WqWFwpsUgJI\" frameborder=\"0\" allowfullscreen=\"allowfullscreen\"><\/iframe>\r\n                            <\/div>\r\n                        <\/div>\r\n                        <!-- Controles de navegaci\u00f3n -->\r\n                        <a class=\"carousel-control-prev\" href=\"#videoCarousel\" role=\"button\" data-slide=\"prev\">\r\n                            <span class=\"carousel-control-prev-icon\" aria-hidden=\"true\"><\/span>\r\n                            <span class=\"sr-only\">Previous<\/span>\r\n                        <\/a>\r\n                        <a class=\"carousel-control-next\" href=\"#videoCarousel\" role=\"button\" data-slide=\"next\">\r\n                            <span class=\"carousel-control-next-icon\" aria-hidden=\"true\"><\/span>\r\n                            <span class=\"sr-only\">Next<\/span>\r\n                        <\/a>\r\n                    <\/div>\r\n                <\/div>\r\n                <!-- Texto y bot\u00f3n al lado derecho -->\r\n                <div class=\"col-md-6\" data-aos=\"fade-left\">\r\n                    <h3 id=\"contenedor-titulo\" class=\"custom-h3 fw-bold mb-2 text-center\" style=\"font-size: 1.3rem;\">APLICACIONES INTERACTIVAS<\/h3>\r\n                    <p style=\"color: #000000; margin-top: 20px; text-align: justify;\">\r\n                        Dominamos el arte de crear aplicaciones interactivas que transforman la experiencia del usuario con interfaces din\u00e1micas y atractivas. Nuestro equipo de expertos utiliza tecnolog\u00edas avanzadas para desarrollar soluciones interactivas que responden a las necesidades m\u00e1s exigentes.\r\n                    <\/p>\r\n                    <!-- Bot\u00f3n con enlace -->\r\n                    <div class=\"d-grid gap-2 mt-3\">\r\n                        <a class=\"btn btn-custom\" style=\"background-color: #f06543; color: #ffffff; text-decoration: none;\" href=\"https:\/\/rewdev.net\/?page_id=3342\">\r\n                            Transforma tus Ideas en Realidad \u00a1Cont\u00e1ctanos!\r\n                        <\/a>\r\n                    <\/div>\r\n                <\/div>\r\n            <\/div>\r\n        <\/div>\r\n    <\/div>\r\n<\/div>\r\n\t\t\t\t<\/div>\n\t\t\t\t<\/div>\n\t\t\t\t<div class=\"elementor-element elementor-element-cd71729 elementor-widget elementor-widget-html\" data-id=\"cd71729\" data-element_type=\"widget\" data-widget_type=\"html.default\">\n\t\t\t\t<div class=\"elementor-widget-container\">\n\t\t\t\t\t<div class=\"container text-center\">\r\n  <div class=\"row align-items-center\">\r\n    <div class=\"col shadow p-4\">\r\n      <div class=\"title-above text-start\"><\/div>\r\n      <div class=\"row\">\r\n        <div class=\"col-md-6\" data-aos=\"fade-right\">\r\n          <h3 id=\"contenedor-titulo\" class=\"custom-h3 fw-bold mb-2 text-center\" style=\"font-size: 1.3rem;\">\r\n            VIDEOJUEGOS\r\n          <\/h3>\r\n          <p style=\"color: #000000; margin-top: 20px; text-align: justify;\">\r\n            Sum\u00e9rgete en el emocionante mundo del desarrollo de videojuegos con nuestros expertos. Desde conceptos iniciales hasta lanzamientos completos, estamos comprometidos a crear experiencias interactivas \u00fanicas. Utilizando las \u00faltimas tecnolog\u00edas y metodolog\u00edas de desarrollo, dise\u00f1amos juegos innovadores que combinan creatividad, tecnolog\u00eda y jugabilidad.\r\n          <\/p>\r\n          <div class=\"d-grid gap-2 mt-3\">\r\n            <a class=\"btn btn-custom\" style=\"background-color: #f06543; color: #ffffff; text-decoration: none;\" href=\"https:\/\/rewdev.net\/?page_id=3342\">\r\n              Descubre Nuestro Mundo de Videojuegos \u00a1Cont\u00e1ctanos!\r\n            <\/a>\r\n          <\/div>\r\n        <\/div>\r\n        <div class=\"col-md-6\" data-aos=\"fade-left\">\r\n          <div class=\"embed-responsive embed-responsive-16by9 mt-3\">\r\n            <iframe class=\"embed-responsive-item\" src=\"https:\/\/www.youtube.com\/embed\/uAlDAsIPl_k\" allowfullscreen=\"allowfullscreen\"style=\"height: 250px;\">><\/iframe>\r\n          <\/div>\r\n        <\/div>\r\n      <\/div>\r\n    <\/div>\r\n  <\/div>\r\n<\/div>\r\n\t\t\t\t<\/div>\n\t\t\t\t<\/div>\n\t\t\t\t<div class=\"elementor-element elementor-element-709b66b elementor-widget elementor-widget-html\" data-id=\"709b66b\" data-element_type=\"widget\" data-widget_type=\"html.default\">\n\t\t\t\t<div class=\"elementor-widget-container\">\n\t\t\t\t\t<div class=\"container text-center\">\r\n  <div class=\"row align-items-center\">\r\n    <div class=\"col shadow p-4\">\r\n      <div class=\"title-above text-start\"><\/div>\r\n      <div class=\"row\">\r\n        <div class=\"col-md-6\" data-aos=\"fade-right\">\r\n          <div class=\"embed-responsive embed-responsive-16by9\">\r\n            <iframe title=\"Video 2\" src=\"https:\/\/www.youtube.com\/embed\/AP9E6NiGx3M\" width=\"420\" height=\"236\" frameborder=\"0\" allowfullscreen=\"allowfullscreen\"><\/iframe>\r\n          <\/div>\r\n        <\/div>\r\n        <div class=\"col-md-6 text-justify\" data-aos=\"fade-left\">\r\n          <h3 id=\"contenedor-titulo\" class=\"custom-h3 fw-bold mb-2 text-center\" style=\"font-size: 1.3rem;\">\r\n            MODELACI\u00d3N 3D\r\n          <\/h3>\r\n          <p style=\"color: #000000; margin-top: 20px; text-align: justify;\">\r\n            Dominamos el arte del modelado 3D para convertir conceptos abstractos en representaciones visuales detalladas y realistas. Nuestro equipo de expertos utiliza tecnolog\u00edas avanzadas para crear modelos tridimensionales precisos y funcionales que cumplen con tus especificaciones m\u00e1s exigentes. Desde prototipos y productos hasta entornos virtuales y animaciones, nuestra capacidad de modelado 3D abre nuevas posibilidades para tu proyecto.\r\n          <\/p>\r\n          <div class=\"d-grid gap-2 mt-3\">\r\n            <a class=\"btn btn-custom\" style=\"background-color: #f06543; color: #ffffff; text-decoration: none;\" href=\"https:\/\/rewdev.net\/?page_id=3342\">\r\n              Transforma tus Ideas en Realidad \u00a1Cont\u00e1ctanos!\r\n            <\/a>\r\n          <\/div>\r\n        <\/div>\r\n      <\/div>\r\n    <\/div>\r\n  <\/div>\r\n<\/div>\r\n\t\t\t\t<\/div>\n\t\t\t\t<\/div>\n\t\t\t\t\t<\/div>\n\t\t\t\t<\/div>\n\t\t<div class=\"elementor-element elementor-element-ab1011d e-flex e-con-boxed e-con e-parent\" data-id=\"ab1011d\" data-element_type=\"container\">\n\t\t\t\t\t<div class=\"e-con-inner\">\n\t\t<div class=\"elementor-element elementor-element-3afd1a9 e-con-full e-flex e-con e-child\" data-id=\"3afd1a9\" data-element_type=\"container\">\n\t\t\t\t<div class=\"elementor-element elementor-element-c640a14 elementor-widget elementor-widget-html\" data-id=\"c640a14\" data-element_type=\"widget\" data-widget_type=\"html.default\">\n\t\t\t\t<div class=\"elementor-widget-container\">\n\t\t\t\t\t<div class=\"container text-center\" data-aos=\"fade-right\">\r\n  <div class=\"row align-items-center\">\r\n    <div class=\"col shadow p-4\">\r\n      <div class=\"title-above text-start\"><\/div>\r\n      <div class=\"row\">\r\n        <div class=\"col-md-12 d-flex flex-column justify-content-center\">\r\n          <h3 id=\"contenedor-titulo\" class=\"custom-h3 fw-bold mb-2 text-center\" style=\"font-size: 1.3rem;\">\r\n            EDICI\u00d3N DE VIDEO\r\n          <\/h3>\r\n          <p class=\"text-justify\" style=\"color: #000000; margin-top: 20px; text-align: justify;\">\r\n            Dale vida a tus videos con nuestra edici\u00f3n profesional. Utilizamos herramientas avanzadas y un enfoque creativo para ofrecerte servicios de edici\u00f3n de alta calidad, perfectos tanto para proyectos personales como empresariales. Nuestro compromiso es transformar tus ideas en resultados visuales impresionantes, asegurando que cada video cuente con un toque \u00fanico y profesional que destaque en cualquier contexto.\r\n          <\/p>\r\n          <div class=\"d-grid gap-2 mt-3\">\r\n            <a class=\"btn btn-custom\" style=\"background-color: #f06543; color: #ffffff; text-decoration: none;\" href=\"https:\/\/rewdev.net\/?page_id=3342\">\r\n              Comienza tu proyecto ahora \u00a1Cont\u00e1ctanos!\r\n            <\/a>\r\n          <\/div>\r\n        <\/div>\r\n      <\/div>\r\n    <\/div>\r\n  <\/div>\r\n<\/div>\r\n\t\t\t\t<\/div>\n\t\t\t\t<\/div>\n\t\t\t\t<\/div>\n\t\t<div class=\"elementor-element elementor-element-0a22433 e-con-full animated-slow e-flex elementor-invisible e-con e-child\" data-id=\"0a22433\" data-element_type=\"container\" data-settings=\"{&quot;animation&quot;:&quot;fadeInRight&quot;}\">\n\t\t\t\t<div class=\"elementor-element elementor-element-ac57c5e elementor-widget__width-initial elementor-widget elementor-widget-shortcode\" data-id=\"ac57c5e\" data-element_type=\"widget\" data-widget_type=\"shortcode.default\">\n\t\t\t\t<div class=\"elementor-widget-container\">\n\t\t\t\t\t\t\t<div class=\"elementor-shortcode\"><\/div>\n\t\t\t\t\t\t<\/div>\n\t\t\t\t<\/div>\n\t\t\t\t<\/div>\n\t\t\t\t\t<\/div>\n\t\t\t\t<\/div>\n\t\t<div class=\"elementor-element elementor-element-22f2a59 e-flex e-con-boxed e-con e-parent\" data-id=\"22f2a59\" data-element_type=\"container\">\n\t\t\t\t\t<div class=\"e-con-inner\">\n\t\t<div class=\"elementor-element elementor-element-a87e9c5 e-con-full animated-slow e-flex elementor-invisible e-con e-child\" data-id=\"a87e9c5\" data-element_type=\"container\" data-settings=\"{&quot;animation&quot;:&quot;fadeInLeft&quot;}\">\n\t\t\t\t<div class=\"elementor-element elementor-element-235c77f elementor-widget__width-initial elementor-widget elementor-widget-shortcode\" data-id=\"235c77f\" data-element_type=\"widget\" data-widget_type=\"shortcode.default\">\n\t\t\t\t<div class=\"elementor-widget-container\">\n\t\t\t\t\t\t\t<div class=\"elementor-shortcode\"><\/div>\n\t\t\t\t\t\t<\/div>\n\t\t\t\t<\/div>\n\t\t\t\t<\/div>\n\t\t<div class=\"elementor-element elementor-element-6552a1d e-con-full e-flex e-con e-child\" data-id=\"6552a1d\" data-element_type=\"container\">\n\t\t\t\t<div class=\"elementor-element elementor-element-87848c8 elementor-widget elementor-widget-html\" data-id=\"87848c8\" data-element_type=\"widget\" data-widget_type=\"html.default\">\n\t\t\t\t<div class=\"elementor-widget-container\">\n\t\t\t\t\t<div class=\"container text-center\" data-aos=\"fade-left\">\r\n  <div class=\"row align-items-center\">\r\n    <div class=\"col shadow p-4\">\r\n      <div class=\"title-above text-start\"><\/div>\r\n      <div class=\"row\">\r\n        <div class=\"col-md-12 d-flex flex-column justify-content-center\">\r\n          <h3 id=\"contenedor-titulo\" class=\"custom-h3 fw-bold mb-2 text-center\" style=\"font-size: 1.3rem;\">\r\n            MARKETING\r\n          <\/h3>\r\n          <p class=\"text-justify\" style=\"color: #000000; margin-top: 20px; text-align: justify;\">\r\n            Potencia tu marca con nuestro servicio de marketing, donde transformamos tus ideas en contenido audiovisual creativo y efectivo. Ya sea para promocionar o educar, te ofrecemos resultados de alta calidad que atraer\u00e1n a tu audiencia de manera impactante y profesional.\r\n          <\/p>\r\n          <div class=\"d-grid gap-2 mt-3\">\r\n            <a class=\"btn btn-custom\" style=\"background-color: #f06543; color: #ffffff; text-decoration: none;\" href=\"https:\/\/rewdev.net\/?page_id=3342\">\r\n              \u00a1No esperes m\u00e1s y haz que tu visi\u00f3n cobre vida! Cont\u00e1ctanos.\r\n            <\/a>\r\n          <\/div>\r\n        <\/div>\r\n      <\/div>\r\n    <\/div>\r\n  <\/div>\r\n<\/div>\r\n\t\t\t\t<\/div>\n\t\t\t\t<\/div>\n\t\t\t\t<\/div>\n\t\t\t\t\t<\/div>\n\t\t\t\t<\/div>\n\t\t<div class=\"elementor-element elementor-element-0d4e12b e-flex e-con-boxed e-con e-parent\" data-id=\"0d4e12b\" data-element_type=\"container\">\n\t\t\t\t\t<div class=\"e-con-inner\">\n\t\t\t\t<div class=\"elementor-element elementor-element-47ee339 elementor-widget elementor-widget-spacer\" data-id=\"47ee339\" data-element_type=\"widget\" data-widget_type=\"spacer.default\">\n\t\t\t\t<div class=\"elementor-widget-container\">\n\t\t\t\t\t\t\t<div class=\"elementor-spacer\">\n\t\t\t<div class=\"elementor-spacer-inner\"><\/div>\n\t\t<\/div>\n\t\t\t\t\t\t<\/div>\n\t\t\t\t<\/div>\n\t\t\t\t\t<\/div>\n\t\t\t\t<\/div>\n\t\t\t\t<\/div>\n\t\t","protected":false},"excerpt":{"rendered":"<p>EXPERIENCIAS INTERACTIVAS Previous Next APLICACIONES INTERACTIVAS Dominamos el arte de crear aplicaciones interactivas que transforman la experiencia del usuario con interfaces din\u00e1micas y atractivas. Nuestro equipo de expertos utiliza tecnolog\u00edas avanzadas para desarrollar soluciones interactivas que responden a las necesidades m\u00e1s exigentes. Transforma tus Ideas en Realidad \u00a1Cont\u00e1ctanos! VIDEOJUEGOS Sum\u00e9rgete en el emocionante mundo del&hellip; <br \/> <a class=\"button small blue\" href=\"http:\/\/rewdev.net\/?page_id=451\">Leer m\u00e1s<\/a><\/p>\n","protected":false},"author":1,"featured_media":0,"parent":0,"menu_order":0,"comment_status":"closed","ping_status":"closed","template":"","meta":{"_joinchat":[],"footnotes":""},"class_list":["post-451","page","type-page","status-publish","hentry"],"yoast_head":"<!-- This site is optimized with the Yoast SEO plugin v27.0 - https:\/\/yoast.com\/product\/yoast-seo-wordpress\/ -->\n<meta name=\"robots\" content=\"index, follow, max-snippet:-1, max-image-preview:large, max-video-preview:-1\" \/>\n<link rel=\"canonical\" href=\"http:\/\/rewdev.net\/?page_id=451\" \/>\n<meta property=\"og:locale\" content=\"es_ES\" \/>\n<meta property=\"og:type\" content=\"article\" \/>\n<meta property=\"og:description\" content=\"EXPERIENCIAS INTERACTIVAS Previous Next APLICACIONES INTERACTIVAS Dominamos el arte de crear aplicaciones interactivas que transforman la experiencia del usuario con interfaces din\u00e1micas y atractivas. Nuestro equipo de expertos utiliza tecnolog\u00edas avanzadas para desarrollar soluciones interactivas que responden a las necesidades m\u00e1s exigentes. Transforma tus Ideas en Realidad \u00a1Cont\u00e1ctanos! VIDEOJUEGOS Sum\u00e9rgete en el emocionante mundo del&hellip; Leer m\u00e1s\" \/>\n<meta property=\"og:url\" content=\"http:\/\/rewdev.net\/?page_id=451\" \/>\n<meta property=\"article:publisher\" content=\"https:\/\/www.facebook.com\/RewDevCol\/\" \/>\n<meta property=\"article:modified_time\" content=\"2025-02-11T16:59:50+00:00\" \/>\n<meta property=\"og:image\" content=\"http:\/\/rewdev.net\/wp-content\/uploads\/2024\/07\/cropped-Logo-sin-fondo.png\" \/>\n\t<meta property=\"og:image:width\" content=\"512\" \/>\n\t<meta property=\"og:image:height\" content=\"512\" \/>\n\t<meta property=\"og:image:type\" content=\"image\/png\" \/>\n<meta name=\"twitter:card\" content=\"summary_large_image\" \/>\n<meta name=\"twitter:label1\" content=\"Tiempo de lectura\" \/>\n\t<meta name=\"twitter:data1\" content=\"2 minutos\" \/>\n<script type=\"application\/ld+json\" class=\"yoast-schema-graph\">{\"@context\":\"https:\/\/schema.org\",\"@graph\":[{\"@type\":\"WebPage\",\"@id\":\"http:\/\/rewdev.net\/?page_id=451\",\"url\":\"http:\/\/rewdev.net\/?page_id=451\",\"name\":\"\",\"isPartOf\":{\"@id\":\"https:\/\/rewdev.net\/#website\"},\"datePublished\":\"2024-07-04T15:43:10+00:00\",\"dateModified\":\"2025-02-11T16:59:50+00:00\",\"inLanguage\":\"es-CO\",\"potentialAction\":[{\"@type\":\"ReadAction\",\"target\":[\"http:\/\/rewdev.net\/?page_id=451\"]}]},{\"@type\":\"WebSite\",\"@id\":\"https:\/\/rewdev.net\/#website\",\"url\":\"https:\/\/rewdev.net\/\",\"name\":\"RewDev S.A.S\",\"description\":\"\",\"publisher\":{\"@id\":\"https:\/\/rewdev.net\/#organization\"},\"potentialAction\":[{\"@type\":\"SearchAction\",\"target\":{\"@type\":\"EntryPoint\",\"urlTemplate\":\"https:\/\/rewdev.net\/?s={search_term_string}\"},\"query-input\":{\"@type\":\"PropertyValueSpecification\",\"valueRequired\":true,\"valueName\":\"search_term_string\"}}],\"inLanguage\":\"es-CO\"},{\"@type\":\"Organization\",\"@id\":\"https:\/\/rewdev.net\/#organization\",\"name\":\"RewDev S.A.S\",\"url\":\"https:\/\/rewdev.net\/\",\"logo\":{\"@type\":\"ImageObject\",\"inLanguage\":\"es-CO\",\"@id\":\"https:\/\/rewdev.net\/#\/schema\/logo\/image\/\",\"url\":\"https:\/\/rewdev.net\/wp-content\/uploads\/2024\/07\/cropped-Logo-sin-fondo.png\",\"contentUrl\":\"https:\/\/rewdev.net\/wp-content\/uploads\/2024\/07\/cropped-Logo-sin-fondo.png\",\"width\":512,\"height\":512,\"caption\":\"RewDev S.A.S\"},\"image\":{\"@id\":\"https:\/\/rewdev.net\/#\/schema\/logo\/image\/\"},\"sameAs\":[\"https:\/\/www.facebook.com\/RewDevCol\/\",\"https:\/\/www.instagram.com\/rewdevco\/?hl=es-la\"]}]}<\/script>\n<!-- \/ Yoast SEO plugin. -->","yoast_head_json":{"robots":{"index":"index","follow":"follow","max-snippet":"max-snippet:-1","max-image-preview":"max-image-preview:large","max-video-preview":"max-video-preview:-1"},"canonical":"http:\/\/rewdev.net\/?page_id=451","og_locale":"es_ES","og_type":"article","og_description":"EXPERIENCIAS INTERACTIVAS Previous Next APLICACIONES INTERACTIVAS Dominamos el arte de crear aplicaciones interactivas que transforman la experiencia del usuario con interfaces din\u00e1micas y atractivas. Nuestro equipo de expertos utiliza tecnolog\u00edas avanzadas para desarrollar soluciones interactivas que responden a las necesidades m\u00e1s exigentes. Transforma tus Ideas en Realidad \u00a1Cont\u00e1ctanos! VIDEOJUEGOS Sum\u00e9rgete en el emocionante mundo del&hellip; Leer m\u00e1s","og_url":"http:\/\/rewdev.net\/?page_id=451","article_publisher":"https:\/\/www.facebook.com\/RewDevCol\/","article_modified_time":"2025-02-11T16:59:50+00:00","og_image":[{"width":512,"height":512,"url":"http:\/\/rewdev.net\/wp-content\/uploads\/2024\/07\/cropped-Logo-sin-fondo.png","type":"image\/png"}],"twitter_card":"summary_large_image","twitter_misc":{"Tiempo de lectura":"2 minutos"},"schema":{"@context":"https:\/\/schema.org","@graph":[{"@type":"WebPage","@id":"http:\/\/rewdev.net\/?page_id=451","url":"http:\/\/rewdev.net\/?page_id=451","name":"","isPartOf":{"@id":"https:\/\/rewdev.net\/#website"},"datePublished":"2024-07-04T15:43:10+00:00","dateModified":"2025-02-11T16:59:50+00:00","inLanguage":"es-CO","potentialAction":[{"@type":"ReadAction","target":["http:\/\/rewdev.net\/?page_id=451"]}]},{"@type":"WebSite","@id":"https:\/\/rewdev.net\/#website","url":"https:\/\/rewdev.net\/","name":"RewDev S.A.S","description":"","publisher":{"@id":"https:\/\/rewdev.net\/#organization"},"potentialAction":[{"@type":"SearchAction","target":{"@type":"EntryPoint","urlTemplate":"https:\/\/rewdev.net\/?s={search_term_string}"},"query-input":{"@type":"PropertyValueSpecification","valueRequired":true,"valueName":"search_term_string"}}],"inLanguage":"es-CO"},{"@type":"Organization","@id":"https:\/\/rewdev.net\/#organization","name":"RewDev S.A.S","url":"https:\/\/rewdev.net\/","logo":{"@type":"ImageObject","inLanguage":"es-CO","@id":"https:\/\/rewdev.net\/#\/schema\/logo\/image\/","url":"https:\/\/rewdev.net\/wp-content\/uploads\/2024\/07\/cropped-Logo-sin-fondo.png","contentUrl":"https:\/\/rewdev.net\/wp-content\/uploads\/2024\/07\/cropped-Logo-sin-fondo.png","width":512,"height":512,"caption":"RewDev S.A.S"},"image":{"@id":"https:\/\/rewdev.net\/#\/schema\/logo\/image\/"},"sameAs":["https:\/\/www.facebook.com\/RewDevCol\/","https:\/\/www.instagram.com\/rewdevco\/?hl=es-la"]}]}},"_links":{"self":[{"href":"http:\/\/rewdev.net\/index.php?rest_route=\/wp\/v2\/pages\/451","targetHints":{"allow":["GET"]}}],"collection":[{"href":"http:\/\/rewdev.net\/index.php?rest_route=\/wp\/v2\/pages"}],"about":[{"href":"http:\/\/rewdev.net\/index.php?rest_route=\/wp\/v2\/types\/page"}],"author":[{"embeddable":true,"href":"http:\/\/rewdev.net\/index.php?rest_route=\/wp\/v2\/users\/1"}],"replies":[{"embeddable":true,"href":"http:\/\/rewdev.net\/index.php?rest_route=%2Fwp%2Fv2%2Fcomments&post=451"}],"version-history":[{"count":360,"href":"http:\/\/rewdev.net\/index.php?rest_route=\/wp\/v2\/pages\/451\/revisions"}],"predecessor-version":[{"id":3772,"href":"http:\/\/rewdev.net\/index.php?rest_route=\/wp\/v2\/pages\/451\/revisions\/3772"}],"wp:attachment":[{"href":"http:\/\/rewdev.net\/index.php?rest_route=%2Fwp%2Fv2%2Fmedia&parent=451"}],"curies":[{"name":"wp","href":"https:\/\/api.w.org\/{rel}","templated":true}]}}